{"id":411,"date":"2025-10-06T05:54:59","date_gmt":"2025-10-06T05:54:59","guid":{"rendered":"https:\/\/bukalojistik.com\/?page_id=411"},"modified":"2025-10-06T05:54:59","modified_gmt":"2025-10-06T05:54:59","slug":"lubnan","status":"publish","type":"page","link":"https:\/\/bukalojistik.com\/en\/lubnan\/","title":{"rendered":"L\u00dcBNAN"},"content":{"rendered":"\t\t<div data-elementor-type=\"wp-page\" data-elementor-id=\"411\" class=\"elementor elementor-411\" data-elementor-post-type=\"page\">\n\t\t\t\t<div class=\"elementor-element elementor-element-a7edceb e-flex e-con-boxed e-con e-parent\" data-id=\"a7edceb\" data-element_type=\"container\" data-settings=\"{&quot;background_background&quot;:&quot;classic&quot;}\">\n\t\t\t\t\t<div class=\"e-con-inner\">\n\t\t\t\t\t<\/div>\n\t\t\t\t<\/div>\n\t\t<div class=\"elementor-element elementor-element-4261f03 e-flex e-con-boxed e-con e-parent\" data-id=\"4261f03\" data-element_type=\"container\">\n\t\t\t\t\t<div class=\"e-con-inner\">\n\t\t<div class=\"elementor-element elementor-element-3bd8372 e-con-full e-flex e-con e-child\" data-id=\"3bd8372\" data-element_type=\"container\">\n\t\t\t\t<div class=\"elementor-element elementor-element-b27a265 elementor-widget elementor-widget-image\" data-id=\"b27a265\" data-element_type=\"widget\" data-widget_type=\"image.default\">\n\t\t\t\t\t\t\t\t\t\t\t\t\t\t\t<img fetchpriority=\"high\" decoding=\"async\" width=\"1024\" height=\"421\" src=\"https:\/\/bukalojistik.com\/en\/wp-content\/uploads\/sites\/2\/2025\/10\/lubnan-1024x421.png\" class=\"attachment-large size-large wp-image-413\" alt=\"\" srcset=\"https:\/\/bukalojistik.com\/en\/wp-content\/uploads\/sites\/2\/2025\/10\/lubnan-1024x421.png 1024w, https:\/\/bukalojistik.com\/en\/wp-content\/uploads\/sites\/2\/2025\/10\/lubnan-300x123.png 300w, https:\/\/bukalojistik.com\/en\/wp-content\/uploads\/sites\/2\/2025\/10\/lubnan-768x316.png 768w, https:\/\/bukalojistik.com\/en\/wp-content\/uploads\/sites\/2\/2025\/10\/lubnan-1536x632.png 1536w, https:\/\/bukalojistik.com\/en\/wp-content\/uploads\/sites\/2\/2025\/10\/lubnan.png 1600w\" sizes=\"(max-width: 1024px) 100vw, 1024px\" \/>\t\t\t\t\t\t\t\t\t\t\t\t\t\t\t<\/div>\n\t\t\t\t<div class=\"elementor-element elementor-element-3aacafd elementor-widget__width-initial elementor-widget elementor-widget-text-editor\" data-id=\"3aacafd\" data-element_type=\"widget\" data-widget_type=\"text-editor.default\">\n\t\t\t\t\t\t\t\t\t<p>Uluslararas\u0131 lojistik hizmetinde \u00f6nemli olan di\u011fer \u00fclkelere ve hatta di\u011fer k\u0131talara rahatl\u0131kla ula\u015fabilmektir. Bu hizmet sekt\u00f6r\u00fcnde firman\u0131n iyi oldu\u011funu ve tercih edilmesi gerekti\u011fini biraz da ula\u015fabildi\u011fi b\u00f6lgeler belirler. Sonu\u00e7ta yapt\u0131\u011f\u0131n\u0131z i\u015fte ne kadar iyi olursan\u0131z olun, insanlar\u0131n ticari faaliyetlerini y\u00fcr\u00fctt\u00fc\u011f\u00fc \u00fclkelere ula\u015f\u0131m sa\u011flayam\u0131yorsan\u0131z bunun herhangi bir \u00f6nemi kalmayacakt\u0131r. Bu sebeple lojistik ve nakliye hizmetlerinde \u00f6ncelikli ama\u00e7 hep daha fazla \u00fclkeye ve k\u0131taya ula\u015fabilmek olmal\u0131d\u0131r. Se\u00e7ti\u011finiz firman\u0131n bir \u00e7ok \u015feyi ayn\u0131 anda koordine edebiliyor olmas\u0131 siz g\u00f6nderici\/sat\u0131c\u0131n\u0131n i\u015fini olduk\u00e7a fazla rahatlatacakt\u0131r.<\/p><p><strong>Biz uluslaras\u0131 nakliyecilik i\u015finde bug\u00fcne kadar L\u00fcbnan Beyrut, Trablus<\/strong>\u00a0sevkiyatlar\u0131m\u0131z da yada ba\u015fka noktalara yapt\u0131\u011f\u0131m\u0131z sevkiyatlar\u0131m\u0131z da i\u015fimizi olumsuz etkiyecek herhangi bir \u015fey ya\u015famam\u0131\u015f olmaman\u0131n verdi\u011fi mutlulu\u011fu ya\u015famaktay\u0131z. Bu y\u00fczden\u00a0<strong>L\u00fcbnan Beyrut, Trablus nakliyatlar\u0131n\u0131zda<\/strong>\u00a0olmas\u0131 gereken her noktay\u0131 incelikle d\u00fc\u015f\u00fcnen, otoritelerin belirlemi\u015f oldu\u011fu lojistik kurallar\u0131 \u00e7er\u00e7evesinde \u00e7al\u0131\u015fan firmam\u0131z ile kolayl\u0131kla yol alabilece\u011finiz sizlere belirtmek isteriz. Bizler bu sekt\u00f6rde hizmet vermeye ba\u015flad\u0131\u011f\u0131m\u0131zda yaln\u0131zca belirli \u00fclkelere ula\u015f\u0131m sa\u011flayabiliyorduk. Oysa bug\u00fcn t\u00fcm Avrupa k\u0131tas\u0131na, Aysa k\u0131tas\u0131na ve Avustralya k\u0131tas\u0131na ula\u015f\u0131m hizmeti veriyoruz. Bu kendi ad\u0131m\u0131za olduk\u00e7a \u00f6nemli ve gurur verici olmaktad\u0131r. \u0130leriye d\u00f6n\u00fck olarak daha hedefimizde bir\u00e7ok \u00fclke hatta k\u0131ta bulunmaktad\u0131r. Sekt\u00f6rde yer ald\u0131\u011f\u0131m\u0131z s\u00fcrece asl\u0131nda yeni yerlere nakliye hizmeti vermeye de bir nevi mecburuz. \u00c7\u00fcnk\u00fc aksi halde lojistik sekt\u00f6r\u00fcnde \u00f6nc\u00fc ve kal\u0131c\u0131 bir firma olamay\u0131z.<\/p><p><strong>Ta\u015f\u0131ma yapt\u0131\u011f\u0131m\u0131z \u00fclkelerden L\u00fcbnan Beyrut, Trablus<\/strong>\u00a0olduk\u00e7a fazla sevkiyat yap\u0131lan \u00fclkeler aras\u0131nda bulunmaktad\u0131r. Uluslararas\u0131 bir nakliye i\u00e7in karar almak, olduk\u00e7a \u00f6nemlidir.\u00a0<strong>Buka Lojistik\u00a0<\/strong>firmam\u0131zdan Avrupa, Asya ve Avustralya k\u0131talar\u0131na istedi\u011finiz \u00fcr\u00fcn\u00fcn g\u00f6nderilmesi ve bu k\u0131talardan getirilmesi konusunda hizmet alabilirsiniz. T\u00fcm bu k\u0131talara yapaca\u011f\u0131n\u0131z ithalat ve ihracat i\u015flemlerinde bizlerden hem lojistik hem de g\u00fcmr\u00fckleme ve depolama konular\u0131nda hizmet alabilirisiniz. Bizler bu s\u00fcrecin etkili ve ba\u015far\u0131l\u0131 bir bi\u00e7imde y\u00fcr\u00fcmesi i\u00e7in elimizden gelenin en iyisini yap\u0131yoruz. Ayr\u0131ca her bir i\u015flem ad\u0131m\u0131n\u0131 da sorunsuz bir \u015fekilde atlatman\u0131z\u0131 sa\u011fl\u0131yoruz.\u00a0<strong>Ta\u015f\u0131ma yapt\u0131\u011f\u0131m\u0131z \u00fclkeler aras\u0131nda L\u00fcbnan Beyrut, Trablus,\u00a0<\/strong>T\u00fcrkiye\u2019den olduk\u00e7a fazla \u00fcr\u00fcn\u00fcn sevkiyat\u0131n\u0131n ger\u00e7ekle\u015ftirildi\u011fi \u00fclkedir. Son d\u00f6nemlerde bu art\u0131\u015f g\u00f6zle g\u00f6r\u00fcl\u00fcr derece artmaktad\u0131r.<\/p><p><strong>K\u0131talar Aras\u0131 Nakliye Hizmetini Nas\u0131l Sa\u011fl\u0131yoruz?<\/strong><\/p><p>T\u00fcrkiye\u2019den sayd\u0131\u011f\u0131m\u0131z k\u0131talara \u00fcr\u00fcn ve hizmet nakliyesi ger\u00e7ekle\u015ftirmek bizim i\u00e7in zor olmamakla birlikte olduk\u00e7a \u00f6nemli bir i\u015f olmaktad\u0131r. Yurti\u00e7i ta\u015f\u0131mac\u0131l\u0131k faaliyetlerinden \u00e7ok farkl\u0131d\u0131r ve uyulmas\u0131 gereken bir\u00e7ok \u00f6nemli prosed\u00fcr bulunmaktad\u0131r. Yap\u0131lacak olan en ufak hata bile b\u00fcy\u00fck sorunlara yol a\u00e7abilmekte ve dolay\u0131s\u0131 ile \u00f6zellikle ticari faaliyetlerin ger\u00e7ekle\u015fmesinde \u00f6nemli sorunlara yol a\u00e7abilmektedir. Bu sebeple bizler bu s\u00fcrecin sorunsuz i\u015flemesi i\u00e7in depolamadan g\u00fcmr\u00fcklemeye ve nakliye a\u015famas\u0131na kadar takip\u00e7isi oluyor ve yak\u0131ndan ilgileniyoruz. Bizleri tercih eden insanlar\u0131n ma\u011fdur olmamas\u0131 ve alm\u0131\u015f olduklar\u0131 hizmetten memnun kalmalar\u0131 i\u00e7in \u00e7abal\u0131yoruz. Ancak bu \u015fekilde sekt\u00f6rde bir numara olabilece\u011fimizi ve her ge\u00e7en g\u00fcn b\u00fcy\u00fcyebilece\u011fimizi biliyoruz. Yurti\u00e7i veya k\u0131talar aras\u0131 hi\u00e7 fark etmeksizin bizler i\u015fimizi en iyi \u015fekilde yap\u0131yoruz.<\/p>\t\t\t\t\t\t\t\t<\/div>\n\t\t\t\t<\/div>\n\t\t\t\t\t<\/div>\n\t\t\t\t<\/div>\n\t\t<div class=\"elementor-element elementor-element-4e8363c e-flex e-con-boxed e-con e-parent\" data-id=\"4e8363c\" data-element_type=\"container\" data-settings=\"{&quot;background_background&quot;:&quot;classic&quot;}\">\n\t\t\t\t\t<div class=\"e-con-inner\">\n\t\t<div class=\"elementor-element elementor-element-44870df e-con-full e-flex e-con e-child\" data-id=\"44870df\" data-element_type=\"container\" data-settings=\"{&quot;background_background&quot;:&quot;classic&quot;}\">\n\t\t\t\t<div class=\"elementor-element elementor-element-abb5974 elementor-widget elementor-widget-heading\" data-id=\"abb5974\" data-element_type=\"widget\" data-widget_type=\"heading.default\">\n\t\t\t\t\t<h2 class=\"elementor-heading-title elementor-size-default\">HEMEN TEKL\u0130F AL<\/h2>\t\t\t\t<\/div>\n\t\t\t\t<div class=\"elementor-element elementor-element-9a49c0e elementor-widget elementor-widget-elementskit-contact-form7\" data-id=\"9a49c0e\" data-element_type=\"widget\" data-widget_type=\"elementskit-contact-form7.default\">\n\t\t\t\t\t<div class=\"ekit-wid-con\" ><div class=\"ekit-form\"><p class=\"wpcf7-contact-form-not-found\"><strong>Hata:<\/strong> \u0130leti\u015fim formu bulunamad\u0131.<\/p><\/div><\/div>\t\t\t\t<\/div>\n\t\t\t\t<\/div>\n\t\t\t\t\t<\/div>\n\t\t\t\t<\/div>\n\t\t\t\t<\/div>\n\t\t","protected":false},"excerpt":{"rendered":"<p>Uluslararas\u0131 lojistik hizmetinde \u00f6nemli olan di\u011fer \u00fclkelere ve hatta di\u011fer k\u0131talara rahatl\u0131kla ula\u015fabilmektir. Bu hizmet sekt\u00f6r\u00fcnde firman\u0131n iyi oldu\u011funu ve tercih edilmesi gerekti\u011fini biraz da ula\u015fabildi\u011fi b\u00f6lgeler belirler. Sonu\u00e7ta yapt\u0131\u011f\u0131n\u0131z i\u015fte ne kadar iyi olursan\u0131z olun, insanlar\u0131n ticari faaliyetlerini y\u00fcr\u00fctt\u00fc\u011f\u00fc \u00fclkelere ula\u015f\u0131m sa\u011flayam\u0131yorsan\u0131z bunun herhangi bir \u00f6nemi kalmayacakt\u0131r. Bu sebeple lojistik ve nakliye hizmetlerinde \u00f6ncelikli [&hellip;]<\/p>\n","protected":false},"author":1,"featured_media":0,"parent":0,"menu_order":0,"comment_status":"closed","ping_status":"closed","template":"elementor_header_footer","meta":{"footnotes":""},"class_list":["post-411","page","type-page","status-publish","hentry"],"_links":{"self":[{"href":"https:\/\/bukalojistik.com\/en\/wp-json\/wp\/v2\/pages\/411","targetHints":{"allow":["GET"]}}],"collection":[{"href":"https:\/\/bukalojistik.com\/en\/wp-json\/wp\/v2\/pages"}],"about":[{"href":"https:\/\/bukalojistik.com\/en\/wp-json\/wp\/v2\/types\/page"}],"author":[{"embeddable":true,"href":"https:\/\/bukalojistik.com\/en\/wp-json\/wp\/v2\/users\/1"}],"replies":[{"embeddable":true,"href":"https:\/\/bukalojistik.com\/en\/wp-json\/wp\/v2\/comments?post=411"}],"version-history":[{"count":0,"href":"https:\/\/bukalojistik.com\/en\/wp-json\/wp\/v2\/pages\/411\/revisions"}],"wp:attachment":[{"href":"https:\/\/bukalojistik.com\/en\/wp-json\/wp\/v2\/media?parent=411"}],"curies":[{"name":"wp","href":"https:\/\/api.w.org\/{rel}","templated":true}]}}